{"id":1088,"date":"2018-01-29T11:52:24","date_gmt":"2018-01-29T11:52:24","guid":{"rendered":"http:\/\/rogacplus.dev.narvis.si\/servis-in-podpora\/"},"modified":"2020-10-06T16:44:19","modified_gmt":"2020-10-06T16:44:19","slug":"servis-i-podrska-2","status":"publish","type":"page","link":"https:\/\/www.rogacplus.si\/sr\/servis-i-podrska-2\/","title":{"rendered":"Servis i podr\u0161ka"},"content":{"rendered":"<div id='plazma'  class='av-layout-grid-container av-mxs8w0-d9217ec5287c35e0d674777ee104ff32 entry-content-wrapper main_color av-flex-cells  avia-builder-el-0  el_before_av_layout_row  avia-builder-el-first  topnaslov  container_wrap fullsize'  >\n\n<style type=\"text\/css\" data-created_by=\"avia_inline_auto\" id=\"style-css-av-l14jeo-7b6d30241206f242bd763b8011548fa0\">\n.flex_cell.av-l14jeo-7b6d30241206f242bd763b8011548fa0{\nvertical-align:top;\n}\n.responsive #top #wrap_all .flex_cell.av-l14jeo-7b6d30241206f242bd763b8011548fa0{\npadding:45px 30px 30px 0px !important;\n}\n<\/style>\n<div class='flex_cell av-l14jeo-7b6d30241206f242bd763b8011548fa0 av-gridrow-cell av_one_full no_margin  avia-builder-el-1  avia-builder-el-no-sibling '  ><div class='flex_cell_inner'><p>\n<style type=\"text\/css\" data-created_by=\"avia_inline_auto\" id=\"style-css-av-j5c4gw-5e98b2967d33b37526a54f6a2034b67b\">\n#top .hr.hr-invisible.av-j5c4gw-5e98b2967d33b37526a54f6a2034b67b{\nheight:20px;\n}\n<\/style>\n<div  class='hr av-j5c4gw-5e98b2967d33b37526a54f6a2034b67b hr-invisible  avia-builder-el-2  el_before_av_textblock  avia-builder-el-first '><span class='hr-inner '><span class=\"hr-inner-style\"><\/span><\/span><\/div><br \/>\n<section  class='av_textblock_section av-1rirdc-e6ca4ba763478b8216878b1eb8744bdb '   itemscope=\"itemscope\" itemtype=\"https:\/\/schema.org\/CreativeWork\" ><div class='avia_textblock'  itemprop=\"text\" ><p><span class=\"font_red_bg\">Servis i podr\u0161ka<\/span><\/p>\n<\/div><\/section><\/p>\n<\/div><\/div>\n<\/div>\n<div id='o_nas'  class='av-layout-grid-container av-g67tb4-8a6fffb54b638a969685cc98df94a2e6 entry-content-wrapper main_color av-flex-cells  avia-builder-el-4  el_after_av_layout_row  el_before_av_layout_row  grid-row-not-first  container_wrap fullsize'  >\n\n<style type=\"text\/css\" data-created_by=\"avia_inline_auto\" id=\"style-css-av-ehblk0-79d3c8695f18f7e1c3dd2e074f104a83\">\n.flex_cell.av-ehblk0-79d3c8695f18f7e1c3dd2e074f104a83{\nvertical-align:top;\nheight:100px;\nmin-height:100px;\n}\n.responsive #top #wrap_all .flex_cell.av-ehblk0-79d3c8695f18f7e1c3dd2e074f104a83{\npadding:30px 30px 30px 30px !important;\n}\n<\/style>\n<div class='flex_cell av-ehblk0-79d3c8695f18f7e1c3dd2e074f104a83 av-gridrow-cell av_one_full no_margin  avia-builder-el-5  avia-builder-el-no-sibling  avia-full-stretch'  ><div class='flex_cell_inner'><p>\n<style type=\"text\/css\" data-created_by=\"avia_inline_auto\" id=\"style-css-av-cj7lcw-626161a2927ab9d549e14faed97d2c5f\">\n#top .hr.hr-invisible.av-cj7lcw-626161a2927ab9d549e14faed97d2c5f{\nheight:20px;\n}\n<\/style>\n<div  class='hr av-cj7lcw-626161a2927ab9d549e14faed97d2c5f hr-invisible  avia-builder-el-6  el_before_av_two_fifth  avia-builder-el-first '><span class='hr-inner '><span class=\"hr-inner-style\"><\/span><\/span><\/div><br \/>\n<div class='flex_column_table av-10xbs0-cc5b5c79dabba6fb9315f997a9390fc2 sc-av_two_fifth av-equal-height-column-flextable'>\n<style type=\"text\/css\" data-created_by=\"avia_inline_auto\" id=\"style-css-av-10xbs0-cc5b5c79dabba6fb9315f997a9390fc2\">\n.flex_column.av-10xbs0-cc5b5c79dabba6fb9315f997a9390fc2{\nborder-radius:0px 0px 0px 0px;\npadding:30px 30px 30px 30px;\n}\n<\/style>\n<div  class='flex_column av-10xbs0-cc5b5c79dabba6fb9315f997a9390fc2 av_two_fifth  avia-builder-el-7  el_after_av_hr  el_before_av_three_fifth  first flex_column_table_cell av-equal-height-column av-align-top  '     ><style type=\"text\/css\" data-created_by=\"avia_inline_auto\" id=\"style-css-av-933cvk-dc08fb41fe8c4be2f6f203ac9402ceb9\">\n#top .av_textblock_section.av-933cvk-dc08fb41fe8c4be2f6f203ac9402ceb9 .avia_textblock{\ncolor:#0a0a0a;\n}\n<\/style>\n<section  class='av_textblock_section av-933cvk-dc08fb41fe8c4be2f6f203ac9402ceb9 '   itemscope=\"itemscope\" itemtype=\"https:\/\/schema.org\/CreativeWork\" ><div class='avia_textblock vsebina av_inherit_color'  itemprop=\"text\" ><p>Ugovor o servisiranju ma\u0161ina imamo sklopljen sa <strong>Avgustom Brezovnikom<\/strong>, jednim od najboljih univerzalnih i pouzdanih servisera od svih koje smo u 21 godini rada imali prilike upoznati. Sve je vi\u0161e na\u0161ih dobavlja\u010da opreme do te mere zadovoljno njegovim radom da nam ga \u017eele &#8222;ukrasti&#8220;.<\/p>\n<p>Za Srbiju imamo dogovor i sa Goranom Panti\u0107em iz \u010ca\u010dka, a pomo\u0107 nam mogu pru\u017eiti i proizvo\u0111a\u010di ma\u0161ina sa kojima intenzivno sara\u0111ujemo na kompleksnim projektima (na primer Albatros Pro i Hidria TC).<\/p>\n<p>Nazovite nas i posla\u0107emo vam pravog majstora.<\/p>\n<p>Nazovite nas i ako imate pitanja u vezi sa tehnologijom.<\/p>\n<\/div><\/section><\/div><div class='av-flex-placeholder'><\/div>\n<style type=\"text\/css\" data-created_by=\"avia_inline_auto\" id=\"style-css-av-6w5hs0-8ff58c5dfc418b5ddc9016616e53d91a\">\n.flex_column.av-6w5hs0-8ff58c5dfc418b5ddc9016616e53d91a{\nborder-radius:0px 0px 0px 0px;\npadding:30px 30px 30px 30px;\n}\n<\/style>\n<div  class='flex_column av-6w5hs0-8ff58c5dfc418b5ddc9016616e53d91a av_three_fifth  avia-builder-el-9  el_after_av_two_fifth  avia-builder-el-last  flex_column_table_cell av-equal-height-column av-align-top  '     ><style type=\"text\/css\" data-created_by=\"avia_inline_auto\" id=\"style-css-av-6fectc-8e8c3fd2664115c7321d119943312c0a\">\n#top .av_textblock_section.av-6fectc-8e8c3fd2664115c7321d119943312c0a .avia_textblock{\nfont-size:32px;\ncolor:#0a0a0a;\n}\n<\/style>\n<section  class='av_textblock_section av-6fectc-8e8c3fd2664115c7321d119943312c0a '   itemscope=\"itemscope\" itemtype=\"https:\/\/schema.org\/CreativeWork\" ><div class='avia_textblock av_inherit_color'  itemprop=\"text\" ><p><span style=\"font-size: 25px;\">Na primer:<\/span><br \/>\n<span style=\"font-size: 20px; font-weight: bold; line-height: 30px;\"><br \/>\n<\/span><span style=\"font-size: 20px; line-height: 30px;\">Kako da o\u010distim masne metalne izrezane delove ili odlivke?<\/span><span style=\"font-size: 20px; line-height: 30px;\"><br \/>\nKako da postignem zahtevanu \u010disto\u0107u proizvoda?<br \/>\n<\/span><span style=\"font-size: 20px; line-height: 30px;\">Kako da proverim stanje \u010disto\u0107e proizvoda?<br \/>\n<\/span><span style=\"font-size: 20px; line-height: 30px;\">Kako da postignem \u010dvrsto slepljene spojeve \/ sna\u017eno prianjanje boja?<br \/>\nKako da postignem optimalno prianjanje boje na PE?<br \/>\nKako da zalepim metal i gumu?<br \/>\n<\/span><span style=\"font-size: 20px; line-height: 30px;\">Kako da otiske kod tamponske \u0161tampe u\u010dinim jasnijima?<br \/>\nKako da uklonim senke \/reckave ivice kod njih?<\/span><\/p>\n<\/div><\/section><\/div><\/div><!--close column table wrapper. Autoclose: 1 --><\/p>\n<\/div><\/div><\/div><div id='diagonal'  class='av-layout-grid-container av-3jzd1c-dfc76c6eb0c3bf736189b365647dc706 entry-content-wrapper main_color av-flex-cells  avia-builder-el-11  el_after_av_layout_row  avia-builder-el-last  grid-row-not-first  container_wrap fullsize'  >\n\n<style type=\"text\/css\" data-created_by=\"avia_inline_auto\" id=\"style-css-av-2qkrgw-39509626a3892d8177e198540e46136a\">\n.flex_cell.av-2qkrgw-39509626a3892d8177e198540e46136a{\nvertical-align:middle;\n}\n.responsive #top #wrap_all .flex_cell.av-2qkrgw-39509626a3892d8177e198540e46136a{\npadding:10px 10px 10px 10px !important;\n}\n<\/style>\n<div class='flex_cell av-2qkrgw-39509626a3892d8177e198540e46136a av-gridrow-cell av_one_full no_margin  avia-builder-el-12  avia-builder-el-no-sibling '  ><div class='flex_cell_inner'><\/div><\/div>\n<\/div><\/p>\n","protected":false},"excerpt":{"rendered":"","protected":false},"author":2,"featured_media":0,"parent":0,"menu_order":0,"comment_status":"closed","ping_status":"closed","template":"","meta":{"footnotes":""},"class_list":["post-1088","page","type-page","status-publish","hentry"],"_links":{"self":[{"href":"https:\/\/www.rogacplus.si\/sr\/wp-json\/wp\/v2\/pages\/1088"}],"collection":[{"href":"https:\/\/www.rogacplus.si\/sr\/wp-json\/wp\/v2\/pages"}],"about":[{"href":"https:\/\/www.rogacplus.si\/sr\/wp-json\/wp\/v2\/types\/page"}],"author":[{"embeddable":true,"href":"https:\/\/www.rogacplus.si\/sr\/wp-json\/wp\/v2\/users\/2"}],"replies":[{"embeddable":true,"href":"https:\/\/www.rogacplus.si\/sr\/wp-json\/wp\/v2\/comments?post=1088"}],"version-history":[{"count":6,"href":"https:\/\/www.rogacplus.si\/sr\/wp-json\/wp\/v2\/pages\/1088\/revisions"}],"predecessor-version":[{"id":1784,"href":"https:\/\/www.rogacplus.si\/sr\/wp-json\/wp\/v2\/pages\/1088\/revisions\/1784"}],"wp:attachment":[{"href":"https:\/\/www.rogacplus.si\/sr\/wp-json\/wp\/v2\/media?parent=1088"}],"curies":[{"name":"wp","href":"https:\/\/api.w.org\/{rel}","templated":true}]}}