{"id":1072,"date":"2018-01-29T11:51:07","date_gmt":"2018-01-29T11:51:07","guid":{"rendered":"http:\/\/rogacplus.dev.narvis.si\/kontakt-in-lokacija\/"},"modified":"2024-11-28T18:47:47","modified_gmt":"2024-11-28T18:47:47","slug":"kontakt-i-lokacija","status":"publish","type":"page","link":"https:\/\/www.rogacplus.si\/sr\/kontakt-i-lokacija\/","title":{"rendered":"Kontakt i lokacija"},"content":{"rendered":"<div id='rp_lokacija'  class='av-layout-grid-container av-ahbp68-ad864383c877f396be1e8b295df975e9 entry-content-wrapper main_color av-flex-cells  avia-builder-el-0  el_before_av_layout_row  avia-builder-el-first  av-cell-min-height av-cell-min-height-75  container_wrap fullsize'   data-av_minimum_height_pc='75'>\n\n<style type=\"text\/css\" data-created_by=\"avia_inline_auto\" id=\"style-css-av-zdtb4-07987bdf2c90ac4f52ccf900a61b07e7\">\n.flex_cell.av-zdtb4-07987bdf2c90ac4f52ccf900a61b07e7{\nvertical-align:top;\nbackground:url(https:\/\/www.rogacplus.si\/wp-content\/uploads\/2022\/09\/Rogacplusobjekt-1.jpg) 50% 50% no-repeat scroll ;\n}\n.responsive #top #wrap_all .flex_cell.av-zdtb4-07987bdf2c90ac4f52ccf900a61b07e7{\npadding:30px 30px 30px 30px !important;\n}\n<\/style>\n<div class='flex_cell av-zdtb4-07987bdf2c90ac4f52ccf900a61b07e7 av-gridrow-cell av_three_fifth no_margin  avia-builder-el-1  el_before_av_cell_two_fifth  avia-builder-el-first  avia-full-stretch'  ><div class='flex_cell_inner'><\/div><\/div>\n<style type=\"text\/css\" data-created_by=\"avia_inline_auto\" id=\"style-css-av-7hk8og-947e33d9c845d2c3a5464f91390999c0\">\n.flex_cell.av-7hk8og-947e33d9c845d2c3a5464f91390999c0{\nvertical-align:middle;\n}\n.responsive #top #wrap_all .flex_cell.av-7hk8og-947e33d9c845d2c3a5464f91390999c0{\npadding:30px 30px 30px 90px !important;\n}\n<\/style>\n<div class='flex_cell av-7hk8og-947e33d9c845d2c3a5464f91390999c0 av-gridrow-cell av_two_fifth no_margin  avia-builder-el-2  el_after_av_cell_three_fifth  avia-builder-el-last '  ><div class='flex_cell_inner'>\n<style type=\"text\/css\" data-created_by=\"avia_inline_auto\" id=\"style-css-av-69q3eo-3236d263b317cfdbb584191e13c6a46d\">\n#top .av_textblock_section.av-69q3eo-3236d263b317cfdbb584191e13c6a46d .avia_textblock{\ncolor:#0c0c0c;\n}\n<\/style>\n<section  class='av_textblock_section av-69q3eo-3236d263b317cfdbb584191e13c6a46d '   itemscope=\"itemscope\" itemtype=\"https:\/\/schema.org\/CreativeWork\" ><div class='avia_textblock av_inherit_color'  itemprop=\"text\" ><h2><strong>Roga\u010d Plus d.o.o.<\/strong><\/h2>\n<p>Mariborska cesta 103 \/ 2312 Orehova vas \/ Slovenija<\/p>\n<p><strong>T<\/strong> +386(0)59 1221 12 (informacije i prodaja I.- Petra)<br \/>\n+386(0)59 1221 13 (informacije i prodaja II)<br \/>\n+386(0)59 1221 14 (stru\u010dna pomo\u0107 i prodaja &#8211; Irena)<\/p>\n<p><strong>F<\/strong> +386(0)59 1221 10<\/p>\n<p><strong>E\u00a0<\/strong> <a href=\"mailto:irena@rogacplus.si\">irena@rogacplus.si<\/a>\u00a0 \u00a0 <a href=\"mailto:petra@rogacplus.si\">petra@rogacplus.si<\/a>\u00a0 \u00a0 <a href=\"mailto:info@rogacplus.si\">info@rogacplus.si<\/a><\/p>\n<p><a href=\"https:\/\/www.facebook.com\/Roga%C4%8D-Plus-doo-101945385401115\">Roga\u010d Plus Facebook<\/a><\/p>\n<p><a href=\"https:\/\/www.linkedin.com\/in\/roga%C4%8D-plus-doo-b41587212\/\">Roga\u010d Plus Linkedin<\/a><\/p>\n<p><a href=\"https:\/\/twitter.com\/RogacPlus\">Roga\u010d Plus Twitter<\/a><\/p>\n<p>skype: rogacplusirena<\/p>\n<p>Nalazimo se izme\u0111u starog magistralnog puta i autoputa na pravcu iz Maribora prema Ljubljani. Na\u0161a je poslovna zgrada na fotografiji uz ovaj tekst. Ispred nje na regionalnom su putu prelaz za pe\u0161ake i autobusna stanica, a kraj nje i pe\u0161a\u010dki nadvo\u017enjak preko autoputa. Mesto sa druge strane regionalnog puta od nas je Radizel.<\/p>\n<p>Koordinate na\u0161e zgrade: 46\u00b027&#8217;59.8&#8243;N 15\u00b039&#8217;24.9&#8243;E<\/p>\n<\/div><\/section>\n<\/div><\/div><\/div><div id='diagonal'  class='av-layout-grid-container av-4yimuo-c826a6c65cea52b8f6c1c0a666893b4c entry-content-wrapper main_color av-flex-cells  avia-builder-el-4  el_after_av_layout_row  avia-builder-el-last  grid-row-not-first  container_wrap fullsize'  >\n\n<style type=\"text\/css\" data-created_by=\"avia_inline_auto\" id=\"style-css-av-2at7cw-c85b2af1d7a301f8146de0817e6fc404\">\n.flex_cell.av-2at7cw-c85b2af1d7a301f8146de0817e6fc404{\nvertical-align:middle;\n}\n.responsive #top #wrap_all .flex_cell.av-2at7cw-c85b2af1d7a301f8146de0817e6fc404{\npadding:10px 10px 10px 10px !important;\n}\n<\/style>\n<div class='flex_cell av-2at7cw-c85b2af1d7a301f8146de0817e6fc404 av-gridrow-cell av_one_full no_margin  avia-builder-el-5  avia-builder-el-no-sibling '  ><div class='flex_cell_inner'><\/div><\/div>\n<\/div><\/p>\n","protected":false},"excerpt":{"rendered":"","protected":false},"author":2,"featured_media":0,"parent":0,"menu_order":0,"comment_status":"closed","ping_status":"closed","template":"","meta":{"footnotes":""},"class_list":["post-1072","page","type-page","status-publish","hentry"],"_links":{"self":[{"href":"https:\/\/www.rogacplus.si\/sr\/wp-json\/wp\/v2\/pages\/1072"}],"collection":[{"href":"https:\/\/www.rogacplus.si\/sr\/wp-json\/wp\/v2\/pages"}],"about":[{"href":"https:\/\/www.rogacplus.si\/sr\/wp-json\/wp\/v2\/types\/page"}],"author":[{"embeddable":true,"href":"https:\/\/www.rogacplus.si\/sr\/wp-json\/wp\/v2\/users\/2"}],"replies":[{"embeddable":true,"href":"https:\/\/www.rogacplus.si\/sr\/wp-json\/wp\/v2\/comments?post=1072"}],"version-history":[{"count":6,"href":"https:\/\/www.rogacplus.si\/sr\/wp-json\/wp\/v2\/pages\/1072\/revisions"}],"predecessor-version":[{"id":2004,"href":"https:\/\/www.rogacplus.si\/sr\/wp-json\/wp\/v2\/pages\/1072\/revisions\/2004"}],"wp:attachment":[{"href":"https:\/\/www.rogacplus.si\/sr\/wp-json\/wp\/v2\/media?parent=1072"}],"curies":[{"name":"wp","href":"https:\/\/api.w.org\/{rel}","templated":true}]}}