{"id":1096,"date":"2018-01-29T11:52:05","date_gmt":"2018-01-29T11:52:05","guid":{"rendered":"http:\/\/rogacplus.dev.narvis.si\/zakaj-rogac\/"},"modified":"2018-07-26T09:17:45","modified_gmt":"2018-07-26T09:17:45","slug":"zasto-rogac","status":"publish","type":"page","link":"https:\/\/www.rogacplus.si\/hr\/zasto-rogac\/","title":{"rendered":"Za\u0161to Roga\u010d +"},"content":{"rendered":"<div id='plazma'  class='av-layout-grid-container av-av_layout_row-d37c0a839a5f3ce4c3af9a4bc76feb66 entry-content-wrapper main_color av-flex-cells  avia-builder-el-0  el_before_av_layout_row  avia-builder-el-first   container_wrap fullsize'  >\n\n<style type=\"text\/css\" data-created_by=\"avia_inline_auto\" id=\"style-css-av-av_cell_one_full-0dc458c0b2ab11335dbe3278dcf7831a\">\n.flex_cell.av-av_cell_one_full-0dc458c0b2ab11335dbe3278dcf7831a{\nvertical-align:top;\n}\n.responsive #top #wrap_all .flex_cell.av-av_cell_one_full-0dc458c0b2ab11335dbe3278dcf7831a{\npadding:100px 30px 0px 0px !important;\n}\n<\/style>\n<div class='flex_cell av-av_cell_one_full-0dc458c0b2ab11335dbe3278dcf7831a av-gridrow-cell av_one_full no_margin  avia-builder-el-1  avia-builder-el-no-sibling '  ><div class='flex_cell_inner'><p>\n<style type=\"text\/css\" data-created_by=\"avia_inline_auto\" id=\"style-css-av-av_hr-bea3b672f557e00292badd2fc5e835d3\">\n#top .hr.hr-invisible.av-av_hr-bea3b672f557e00292badd2fc5e835d3{\nheight:5px;\n}\n<\/style>\n<div  class='hr av-av_hr-bea3b672f557e00292badd2fc5e835d3 hr-invisible  avia-builder-el-2  el_before_av_textblock  avia-builder-el-first '><span class='hr-inner '><span class=\"hr-inner-style\"><\/span><\/span><\/div><br \/>\n<section  class='av_textblock_section av-av_textblock-283972ea15f2e73870c23e2d6de3245d '   itemscope=\"itemscope\" itemtype=\"https:\/\/schema.org\/CreativeWork\" ><div class='avia_textblock'  itemprop=\"text\" ><p><span class=\"font_red_bg\">Za\u0161to Roga\u010d +<\/span><\/p>\n<\/div><\/section><\/p>\n<\/div><\/div>\n<\/div>\n<div id='clanek'  class='av-layout-grid-container av-av_layout_row-f3984a05fc86c9a8cab168c7422ff2fa entry-content-wrapper main_color av-flex-cells  avia-builder-el-4  el_after_av_layout_row  el_before_av_layout_row  grid-row-not-first  container_wrap fullsize'  >\n\n<style type=\"text\/css\" data-created_by=\"avia_inline_auto\" id=\"style-css-av-av_cell_one_full-7b82f119d0d03588664ad7187e733685\">\n.flex_cell.av-av_cell_one_full-7b82f119d0d03588664ad7187e733685{\nvertical-align:top;\n}\n.responsive #top #wrap_all .flex_cell.av-av_cell_one_full-7b82f119d0d03588664ad7187e733685{\npadding:30px 30px 60px 65px !important;\n}\n<\/style>\n<div class='flex_cell av-av_cell_one_full-7b82f119d0d03588664ad7187e733685 av-gridrow-cell av_one_full no_margin  avia-builder-el-5  avia-builder-el-no-sibling '  ><div class='flex_cell_inner'><div class='flex_column_table av-av_one_full-9e77ada723822025be33ef76ad1bae35 sc-av_one_full av-equal-height-column-flextable'>\n<style type=\"text\/css\" data-created_by=\"avia_inline_auto\" id=\"style-css-av-av_one_full-9e77ada723822025be33ef76ad1bae35\">\n.flex_column.av-av_one_full-9e77ada723822025be33ef76ad1bae35{\nborder-radius:0px 0px 0px 0px;\npadding:0px 0px 0px 0px;\n}\n<\/style>\n<div  class='flex_column av-av_one_full-9e77ada723822025be33ef76ad1bae35 av_one_full  avia-builder-el-6  avia-builder-el-no-sibling  first flex_column_table_cell av-equal-height-column av-align-top av-zero-column-padding  '     ><section  class='av_textblock_section av-av_textblock-7d6461b0a380651e6a80eb8093970866 '   itemscope=\"itemscope\" itemtype=\"https:\/\/schema.org\/CreativeWork\" ><div class='avia_textblock zakaj_rogac'  itemprop=\"text\" ><p>Roga\u010d plus uigrana je ekipa kod koje mo\u017eete na jednom mjestu dobiti:<\/p>\n<ul>\n<li>opremu za pripremu povr\u0161ina va\u0161ih proizvoda<\/li>\n<li>instrumente za kontrolu stanja povr\u0161ina va\u0161ih proizvoda<\/li>\n<li>opremu za mehani\u010dko i lasersko ozna\u010davanje va\u0161ih proizvoda<\/li>\n<li>opremu i materijale za tamponski tisak i sitotisak.<\/li>\n<\/ul>\n<p>Uz pomo\u0107 na\u0161e testne opreme i bogatog iskustva znamo za vas odabrati pravu opremu provjerenih proizvo\u0111a\u010da koju mo\u017eemo brzo i u\u010dinkovito servisirati. Kod nas \u0107ete dobiti opremu prilago\u0111enu va\u0161im potrebama; na\u0161e bogato prakti\u010dno iskustvo i stalna potpora na raspolaganju su vam zajedno. Specijalizirali smo se za vrhunska cjelovita rje\u0161enja koja vama, na\u0161im kupcima, omogu\u0107uju da postignete i prema\u0161ite zadane ciljeve.<\/p>\n<\/div><\/section><\/div><\/div><!--close column table wrapper. Autoclose: 1 -->\n<\/div><\/div><\/div><div id='diagonal'  class='av-layout-grid-container av-av_layout_row-3c0d415acdf3bfbbfb14712127fd28ae entry-content-wrapper main_color av-flex-cells  avia-builder-el-8  el_after_av_layout_row  avia-builder-el-last  grid-row-not-first  container_wrap fullsize'  >\n\n<style type=\"text\/css\" data-created_by=\"avia_inline_auto\" id=\"style-css-av-av_cell_one_full-0b695aa7f686df4272546bd862951179\">\n.flex_cell.av-av_cell_one_full-0b695aa7f686df4272546bd862951179{\nvertical-align:middle;\n}\n.responsive #top #wrap_all .flex_cell.av-av_cell_one_full-0b695aa7f686df4272546bd862951179{\npadding:10px 10px 10px 10px !important;\n}\n<\/style>\n<div class='flex_cell av-av_cell_one_full-0b695aa7f686df4272546bd862951179 av-gridrow-cell av_one_full no_margin  avia-builder-el-9  avia-builder-el-no-sibling '  ><div class='flex_cell_inner'><\/div><\/div>\n<\/div><\/p>\n","protected":false},"excerpt":{"rendered":"","protected":false},"author":2,"featured_media":0,"parent":0,"menu_order":0,"comment_status":"closed","ping_status":"closed","template":"","meta":{"footnotes":""},"class_list":["post-1096","page","type-page","status-publish","hentry"],"_links":{"self":[{"href":"https:\/\/www.rogacplus.si\/hr\/wp-json\/wp\/v2\/pages\/1096"}],"collection":[{"href":"https:\/\/www.rogacplus.si\/hr\/wp-json\/wp\/v2\/pages"}],"about":[{"href":"https:\/\/www.rogacplus.si\/hr\/wp-json\/wp\/v2\/types\/page"}],"author":[{"embeddable":true,"href":"https:\/\/www.rogacplus.si\/hr\/wp-json\/wp\/v2\/users\/2"}],"replies":[{"embeddable":true,"href":"https:\/\/www.rogacplus.si\/hr\/wp-json\/wp\/v2\/comments?post=1096"}],"version-history":[{"count":4,"href":"https:\/\/www.rogacplus.si\/hr\/wp-json\/wp\/v2\/pages\/1096\/revisions"}],"predecessor-version":[{"id":1501,"href":"https:\/\/www.rogacplus.si\/hr\/wp-json\/wp\/v2\/pages\/1096\/revisions\/1501"}],"wp:attachment":[{"href":"https:\/\/www.rogacplus.si\/hr\/wp-json\/wp\/v2\/media?parent=1096"}],"curies":[{"name":"wp","href":"https:\/\/api.w.org\/{rel}","templated":true}]}}