{"id":1068,"date":"2018-01-29T11:51:07","date_gmt":"2018-01-29T11:51:07","guid":{"rendered":"http:\/\/rogacplus.dev.narvis.si\/kontakt-in-lokacija\/"},"modified":"2024-11-28T18:47:14","modified_gmt":"2024-11-28T18:47:14","slug":"kontakt-i-lokacija","status":"publish","type":"page","link":"https:\/\/www.rogacplus.si\/hr\/kontakt-i-lokacija\/","title":{"rendered":"Kontakt i lokacija"},"content":{"rendered":"<div id='rp_lokacija'  class='av-layout-grid-container av-972j6k-00c4bac387a042b9b9a28f5b5b8dda98 entry-content-wrapper main_color av-flex-cells  avia-builder-el-0  el_before_av_layout_row  avia-builder-el-first  av-cell-min-height av-cell-min-height-75  container_wrap fullsize'   data-av_minimum_height_pc='75'>\n\n<style type=\"text\/css\" data-created_by=\"avia_inline_auto\" id=\"style-css-av-l8h22buy-91b8185c10a946545e67d8bda6c45f09\">\n.flex_cell.av-l8h22buy-91b8185c10a946545e67d8bda6c45f09{\nvertical-align:top;\nbackground:url(https:\/\/www.rogacplus.si\/wp-content\/uploads\/2022\/09\/Rogacplusobjekt-1.jpg) 50% 50% no-repeat scroll ;\n}\n.responsive #top #wrap_all .flex_cell.av-l8h22buy-91b8185c10a946545e67d8bda6c45f09{\npadding:30px 30px 30px 30px !important;\n}\n<\/style>\n<div class='flex_cell av-l8h22buy-91b8185c10a946545e67d8bda6c45f09 av-gridrow-cell av_three_fifth no_margin  avia-builder-el-1  el_before_av_cell_two_fifth  avia-builder-el-first  avia-full-stretch'  ><div class='flex_cell_inner'><\/div><\/div>\n<style type=\"text\/css\" data-created_by=\"avia_inline_auto\" id=\"style-css-av-rg3t8-d793d3a0fd29538872d05d221195ccf4\">\n.flex_cell.av-rg3t8-d793d3a0fd29538872d05d221195ccf4{\nvertical-align:middle;\n}\n.responsive #top #wrap_all .flex_cell.av-rg3t8-d793d3a0fd29538872d05d221195ccf4{\npadding:30px 30px 30px 90px !important;\n}\n<\/style>\n<div class='flex_cell av-rg3t8-d793d3a0fd29538872d05d221195ccf4 av-gridrow-cell av_two_fifth no_margin  avia-builder-el-2  el_after_av_cell_three_fifth  avia-builder-el-last '  ><div class='flex_cell_inner'>\n<style type=\"text\/css\" data-created_by=\"avia_inline_auto\" id=\"style-css-av-5b0qjw-6a093577a7a6781c2b79bbd5abc622d1\">\n#top .av_textblock_section.av-5b0qjw-6a093577a7a6781c2b79bbd5abc622d1 .avia_textblock{\ncolor:#0c0c0c;\n}\n<\/style>\n<section  class='av_textblock_section av-5b0qjw-6a093577a7a6781c2b79bbd5abc622d1 '   itemscope=\"itemscope\" itemtype=\"https:\/\/schema.org\/CreativeWork\" ><div class='avia_textblock av_inherit_color'  itemprop=\"text\" ><h2><strong>Roga\u010d Plus d.o.o.<\/strong><\/h2>\n<p>Mariborska cesta 103 \/ 2312 Orehova vas \/ Slovenija<\/p>\n<p><strong>T<\/strong> +386(0)59 1221 12 (informacije in prodaja I.- Petra)<br \/>\n+386(0)59 1221 13 (informacije i prodaja II)<br \/>\n+386(0)59 1221 14 (stru\u010dna pomo\u010d i prodaja &#8211; Irena)<\/p>\n<p><strong>F<\/strong> +386(0)59 1221 10<\/p>\n<p><strong>E\u00a0<\/strong> <a href=\"mailto:irena@rogacplus.si\">irena@rogacplus.si<\/a>\u00a0 \u00a0 <a href=\"mailto:petra@rogacplus.si\">petra@rogacplus.si<\/a>\u00a0 \u00a0 <a href=\"mailto:info@rogacplus.si\">info@rogacplus.si<\/a><\/p>\n<p><a href=\"https:\/\/www.facebook.com\/Roga%C4%8D-Plus-doo-101945385401115\">Roga\u010d Plus Facebook<\/a><\/p>\n<p><a href=\"https:\/\/www.linkedin.com\/in\/roga%C4%8D-plus-doo-b41587212\/\">Roga\u010d Plus Linkedin<\/a><\/p>\n<p><a href=\"https:\/\/twitter.com\/RogacPlus\">Roga\u010d Plus Twitter<\/a><\/p>\n<p>skype: rogacplusirena<\/p>\n<p>Nalazimo se izme\u0111u stare magistralne ceste i autoceste na putu iz Maribora prema Ljubljani. Na\u0161a je poslovna zgrada na fotografiji uz ovaj tekst. Ispred nje na regionalnoj su cesti prijelaz za pje\u0161ake i autobusna postaja, a kraj nje i pje\u0161a\u010dki nadvo\u017enjak preko autoceste. Mjesto s druge strane regionalne ceste od nas je Radizel.<\/p>\n<p>Koordinate na\u0161e zgrade: 46\u00b027&#8217;59.8&#8243;N 15\u00b039&#8217;24.9&#8243;E<\/p>\n<\/div><\/section>\n<\/div><\/div><\/div><div id='diagonal'  class='av-layout-grid-container av-3ija0s-e956026e30848dfb3889d04bd2d2930b entry-content-wrapper main_color av-flex-cells  avia-builder-el-4  el_after_av_layout_row  avia-builder-el-last  grid-row-not-first  container_wrap fullsize'  >\n\n<style type=\"text\/css\" data-created_by=\"avia_inline_auto\" id=\"style-css-av-2gnw8c-b8badefb203e3fdcb3afd99a4ad661d4\">\n.flex_cell.av-2gnw8c-b8badefb203e3fdcb3afd99a4ad661d4{\nvertical-align:middle;\n}\n.responsive #top #wrap_all .flex_cell.av-2gnw8c-b8badefb203e3fdcb3afd99a4ad661d4{\npadding:10px 10px 10px 10px !important;\n}\n<\/style>\n<div class='flex_cell av-2gnw8c-b8badefb203e3fdcb3afd99a4ad661d4 av-gridrow-cell av_one_full no_margin  avia-builder-el-5  avia-builder-el-no-sibling '  ><div class='flex_cell_inner'><\/div><\/div>\n<\/div><\/p>\n","protected":false},"excerpt":{"rendered":"","protected":false},"author":2,"featured_media":0,"parent":0,"menu_order":0,"comment_status":"closed","ping_status":"closed","template":"","meta":{"footnotes":""},"class_list":["post-1068","page","type-page","status-publish","hentry"],"_links":{"self":[{"href":"https:\/\/www.rogacplus.si\/hr\/wp-json\/wp\/v2\/pages\/1068"}],"collection":[{"href":"https:\/\/www.rogacplus.si\/hr\/wp-json\/wp\/v2\/pages"}],"about":[{"href":"https:\/\/www.rogacplus.si\/hr\/wp-json\/wp\/v2\/types\/page"}],"author":[{"embeddable":true,"href":"https:\/\/www.rogacplus.si\/hr\/wp-json\/wp\/v2\/users\/2"}],"replies":[{"embeddable":true,"href":"https:\/\/www.rogacplus.si\/hr\/wp-json\/wp\/v2\/comments?post=1068"}],"version-history":[{"count":6,"href":"https:\/\/www.rogacplus.si\/hr\/wp-json\/wp\/v2\/pages\/1068\/revisions"}],"predecessor-version":[{"id":2002,"href":"https:\/\/www.rogacplus.si\/hr\/wp-json\/wp\/v2\/pages\/1068\/revisions\/2002"}],"wp:attachment":[{"href":"https:\/\/www.rogacplus.si\/hr\/wp-json\/wp\/v2\/media?parent=1068"}],"curies":[{"name":"wp","href":"https:\/\/api.w.org\/{rel}","templated":true}]}}